{"id":4755,"date":"2021-06-28T17:11:59","date_gmt":"2021-06-28T22:11:59","guid":{"rendered":"https:\/\/moconceptstore.com\/?post_type=product&#038;p=4755"},"modified":"2021-12-08T14:02:42","modified_gmt":"2021-12-08T20:02:42","slug":"pincel-n-10-difuminador","status":"publish","type":"product","link":"https:\/\/moconceptstore.com\/index.php\/producto\/pincel-n-10-difuminador\/","title":{"rendered":"PINCEAU N\u00b010 ESTOMPEUR &#8211; Difuminador"},"content":{"rendered":"<p>Limpiar los cepillos con agua jabonosa. Para que tengan un aspecto sedoso, aplicar acondicionador, dejar actuar unos minutos, aclarar y dejar secar.<\/p>\n<p><img fetchpriority=\"high\" decoding=\"async\" class=\"alignnone size-medium wp-image-4757\" style=\"font-weight: inherit;\" src=\"https:\/\/moconceptstore.com\/wp-content\/uploads\/2021\/06\/pinceau-n10-estompeur-263x300.jpg\" alt=\"\" width=\"263\" height=\"300\" \/><\/p>\n","protected":false},"excerpt":{"rendered":"<p>PINCEL N \u00b0 10 DIFUMINADOR<br \/>\nLe permite aplicar con precisi\u00f3n sombras de ojos en el p\u00e1rpado, pero tambi\u00e9n para difuminar y degradar. Cerdas sint\u00e9ticas.<\/p>\n","protected":false},"featured_media":0,"template":"","meta":{"site-sidebar-layout":"default","site-content-layout":"default","ast-site-content-layout":"","site-content-style":"default","site-sidebar-style":"default","ast-global-header-display":"","ast-banner-title-visibility":"","ast-main-header-display":"","ast-hfb-above-header-display":"","ast-hfb-below-header-display":"","ast-hfb-mobile-header-display":"","site-post-title":"","ast-breadcrumbs-content":"","ast-featured-img":"","footer-sml-layout":"","theme-transparent-header-meta":"default","adv-header-id-meta":"","stick-header-meta":"","header-above-stick-meta":"","header-main-stick-meta":"","header-below-stick-meta":"","astra-migrate-meta-layouts":"default","ast-page-background-enabled":"default","ast-page-background-meta":{"desktop":{"background-color":"","background-image":"","background-repeat":"repeat","background-position":"center center","background-size":"auto","background-attachment":"scroll","background-type":"","background-media":"","overlay-type":"","overlay-color":"","overlay-opacity":"","overlay-gradient":""},"tablet":{"background-color":"","background-image":"","background-repeat":"repeat","background-position":"center center","background-size":"auto","background-attachment":"scroll","background-type":"","background-media":"","overlay-type":"","overlay-color":"","overlay-opacity":"","overlay-gradient":""},"mobile":{"background-color":"","background-image":"","background-repeat":"repeat","background-position":"center center","background-size":"auto","background-attachment":"scroll","background-type":"","background-media":"","overlay-type":"","overlay-color":"","overlay-opacity":"","overlay-gradient":""}},"ast-content-background-meta":{"desktop":{"background-color":"var(--ast-global-color-5)","background-image":"","background-repeat":"repeat","background-position":"center center","background-size":"auto","background-attachment":"scroll","background-type":"","background-media":"","overlay-type":"","overlay-color":"","overlay-opacity":"","overlay-gradient":""},"tablet":{"background-color":"var(--ast-global-color-5)","background-image":"","background-repeat":"repeat","background-position":"center center","background-size":"auto","background-attachment":"scroll","background-type":"","background-media":"","overlay-type":"","overlay-color":"","overlay-opacity":"","overlay-gradient":""},"mobile":{"background-color":"var(--ast-global-color-5)","background-image":"","background-repeat":"repeat","background-position":"center center","background-size":"auto","background-attachment":"scroll","background-type":"","background-media":"","overlay-type":"","overlay-color":"","overlay-opacity":"","overlay-gradient":""}}},"product_brand":[],"product_cat":[124,89],"product_tag":[],"class_list":{"0":"post-4755","1":"product","2":"type-product","3":"status-publish","5":"product_cat-oportunidades","6":"product_cat-boutique","7":"desktop-align-center","8":"tablet-align-center","9":"mobile-align-center","11":"first","12":"instock","13":"sale","14":"shipping-taxable","15":"purchasable","16":"product-type-simple"},"_links":{"self":[{"href":"https:\/\/moconceptstore.com\/index.php\/wp-json\/wp\/v2\/product\/4755","targetHints":{"allow":["GET"]}}],"collection":[{"href":"https:\/\/moconceptstore.com\/index.php\/wp-json\/wp\/v2\/product"}],"about":[{"href":"https:\/\/moconceptstore.com\/index.php\/wp-json\/wp\/v2\/types\/product"}],"version-history":[{"count":3,"href":"https:\/\/moconceptstore.com\/index.php\/wp-json\/wp\/v2\/product\/4755\/revisions"}],"predecessor-version":[{"id":4840,"href":"https:\/\/moconceptstore.com\/index.php\/wp-json\/wp\/v2\/product\/4755\/revisions\/4840"}],"wp:attachment":[{"href":"https:\/\/moconceptstore.com\/index.php\/wp-json\/wp\/v2\/media?parent=4755"}],"wp:term":[{"taxonomy":"product_brand","embeddable":true,"href":"https:\/\/moconceptstore.com\/index.php\/wp-json\/wp\/v2\/product_brand?post=4755"},{"taxonomy":"product_cat","embeddable":true,"href":"https:\/\/moconceptstore.com\/index.php\/wp-json\/wp\/v2\/product_cat?post=4755"},{"taxonomy":"product_tag","embeddable":true,"href":"https:\/\/moconceptstore.com\/index.php\/wp-json\/wp\/v2\/product_tag?post=4755"}],"curies":[{"name":"wp","href":"https:\/\/api.w.org\/{rel}","templated":true}]}}