{"id":4092,"date":"2021-05-24T17:38:43","date_gmt":"2021-05-24T22:38:43","guid":{"rendered":"https:\/\/moconceptstore.com\/?page_id=4092"},"modified":"2025-02-25T11:22:04","modified_gmt":"2025-02-25T17:22:04","slug":"inicio","status":"publish","type":"page","link":"https:\/\/moconceptstore.com\/index.php\/inicio\/","title":{"rendered":"Inicio"},"content":{"rendered":"<p>\u00a0MO\u00a0 CONCEPT-STORE<\/p>\n<h2>Tu estilo de vida !  <\/h2>\n<p>\t\t\t\t\t\t\t\t\t\t\t\t\t\t\t\t<a href=\"https:\/\/moconceptstore.com\/index.php\/miss-cop\/\"><br \/>\n\t\t\t\t\t\t\t<img fetchpriority=\"high\" decoding=\"async\" width=\"1536\" height=\"568\" src=\"https:\/\/moconceptstore.com\/wp-content\/uploads\/2025\/02\/\u0421\u0430\u0439\u0442_ECOLATIER-BABY_2495\u0445923-1536x568.jpg\" alt=\"\" srcset=\"https:\/\/moconceptstore.com\/wp-content\/uploads\/2025\/02\/\u0421\u0430\u0439\u0442_ECOLATIER-BABY_2495\u0445923-1536x568.jpg 1536w, https:\/\/moconceptstore.com\/wp-content\/uploads\/2025\/02\/\u0421\u0430\u0439\u0442_ECOLATIER-BABY_2495\u0445923-300x111.jpg 300w, https:\/\/moconceptstore.com\/wp-content\/uploads\/2025\/02\/\u0421\u0430\u0439\u0442_ECOLATIER-BABY_2495\u0445923-1024x379.jpg 1024w, https:\/\/moconceptstore.com\/wp-content\/uploads\/2025\/02\/\u0421\u0430\u0439\u0442_ECOLATIER-BABY_2495\u0445923-768x284.jpg 768w, https:\/\/moconceptstore.com\/wp-content\/uploads\/2025\/02\/\u0421\u0430\u0439\u0442_ECOLATIER-BABY_2495\u0445923-2048x758.jpg 2048w, https:\/\/moconceptstore.com\/wp-content\/uploads\/2025\/02\/\u0421\u0430\u0439\u0442_ECOLATIER-BABY_2495\u0445923-600x222.jpg 600w\" sizes=\"(max-width: 1536px) 100vw, 1536px\" \/>\t\t\t\t\t\t\t\t<\/a><br \/>\n\t\t\t\t\t\t\t\t\t\t\t\t\t\t\t\t<a href=\"https:\/\/moconceptstore.com\/index.php\/miss-cop\/\"><br \/>\n\t\t\t\t\t\t\t<img decoding=\"async\" width=\"300\" height=\"128\" src=\"https:\/\/moconceptstore.com\/wp-content\/uploads\/2025\/02\/3672x1836pix_5-e1738802048108-300x128.png\" alt=\"\" srcset=\"https:\/\/moconceptstore.com\/wp-content\/uploads\/2025\/02\/3672x1836pix_5-e1738802048108-300x128.png 300w, https:\/\/moconceptstore.com\/wp-content\/uploads\/2025\/02\/3672x1836pix_5-e1738802048108-768x327.png 768w, https:\/\/moconceptstore.com\/wp-content\/uploads\/2025\/02\/3672x1836pix_5-e1738802048108-1024x436.png 1024w, https:\/\/moconceptstore.com\/wp-content\/uploads\/2025\/02\/3672x1836pix_5-e1738802048108-1536x654.png 1536w, https:\/\/moconceptstore.com\/wp-content\/uploads\/2025\/02\/3672x1836pix_5-e1738802048108-2048x872.png 2048w, https:\/\/moconceptstore.com\/wp-content\/uploads\/2025\/02\/3672x1836pix_5-e1738802048108-600x255.png 600w\" sizes=\"(max-width: 300px) 100vw, 300px\" \/>\t\t\t\t\t\t\t\t<\/a><\/p>\n<h2>L\u00ednea Org\u00e1nica Baby <\/h2>\n<p>\t\t\t\t\t\t\t\t\t\t\t\t\t\t\t\t<a href=\"https:\/\/moconceptstore.com\/index.php\/categoria-producto\/elicina\/\"><br \/>\n\t\t\t\t\t\t\t<img decoding=\"async\" width=\"1024\" height=\"379\" src=\"https:\/\/moconceptstore.com\/wp-content\/uploads\/2025\/02\/ECOLATIER_URBAN_1600\u0445592-1024x379.jpg\" alt=\"\" srcset=\"https:\/\/moconceptstore.com\/wp-content\/uploads\/2025\/02\/ECOLATIER_URBAN_1600\u0445592-1024x379.jpg 1024w, https:\/\/moconceptstore.com\/wp-content\/uploads\/2025\/02\/ECOLATIER_URBAN_1600\u0445592-300x111.jpg 300w, https:\/\/moconceptstore.com\/wp-content\/uploads\/2025\/02\/ECOLATIER_URBAN_1600\u0445592-768x284.jpg 768w, https:\/\/moconceptstore.com\/wp-content\/uploads\/2025\/02\/ECOLATIER_URBAN_1600\u0445592-1536x568.jpg 1536w, https:\/\/moconceptstore.com\/wp-content\/uploads\/2025\/02\/ECOLATIER_URBAN_1600\u0445592-600x222.jpg 600w, https:\/\/moconceptstore.com\/wp-content\/uploads\/2025\/02\/ECOLATIER_URBAN_1600\u0445592.jpg 1600w\" sizes=\"(max-width: 1024px) 100vw, 1024px\" \/>\t\t\t\t\t\t\t\t<\/a><\/p>\n<p><img loading=\"lazy\" decoding=\"async\" src=\"https:\/\/moconceptstore.com\/wp-content\/uploads\/2025\/02\/Ecolatier-591x591pix-1-e1738801373138-300x148.jpg\" alt=\"\" width=\"300\" height=\"148\" \/><\/p>\n<p>\t\t\t\t\t\t\t\t\t\t\t\t\t\t\t\t<a href=\"https:\/\/moconceptstore.com\/index.php\/categoria-producto\/elicina\/\"><br \/>\n\t\t\t\t\t\t\t<img loading=\"lazy\" decoding=\"async\" width=\"300\" height=\"111\" src=\"https:\/\/moconceptstore.com\/wp-content\/uploads\/2025\/02\/1900\u0445703-green-300x111.jpg\" alt=\"\" srcset=\"https:\/\/moconceptstore.com\/wp-content\/uploads\/2025\/02\/1900\u0445703-green-300x111.jpg 300w, https:\/\/moconceptstore.com\/wp-content\/uploads\/2025\/02\/1900\u0445703-green-1024x379.jpg 1024w, https:\/\/moconceptstore.com\/wp-content\/uploads\/2025\/02\/1900\u0445703-green-768x284.jpg 768w, https:\/\/moconceptstore.com\/wp-content\/uploads\/2025\/02\/1900\u0445703-green-1536x568.jpg 1536w, https:\/\/moconceptstore.com\/wp-content\/uploads\/2025\/02\/1900\u0445703-green-600x222.jpg 600w, https:\/\/moconceptstore.com\/wp-content\/uploads\/2025\/02\/1900\u0445703-green.jpg 1900w\" sizes=\"(max-width: 300px) 100vw, 300px\" \/>\t\t\t\t\t\t\t\t<\/a><\/p>\n<h2>Vida &amp; Estilo<\/h2>\n<p>\t\t\t\t\t\t\t\t\t\t\t\t\t\t\t\t<a href=\"https:\/\/moconceptstore.com\/index.php\/categoria-producto\/vidaestilo\/\"><br \/>\n\t\t\t\t\t\t\t<img loading=\"lazy\" decoding=\"async\" width=\"200\" height=\"300\" src=\"https:\/\/moconceptstore.com\/wp-content\/uploads\/2021\/07\/priscilla-du-preez-9eo_waWQJGg-unsplash-200x300.jpg\" alt=\"\" srcset=\"https:\/\/moconceptstore.com\/wp-content\/uploads\/2021\/07\/priscilla-du-preez-9eo_waWQJGg-unsplash-200x300.jpg 200w, https:\/\/moconceptstore.com\/wp-content\/uploads\/2021\/07\/priscilla-du-preez-9eo_waWQJGg-unsplash-683x1024.jpg 683w, https:\/\/moconceptstore.com\/wp-content\/uploads\/2021\/07\/priscilla-du-preez-9eo_waWQJGg-unsplash-768x1152.jpg 768w, https:\/\/moconceptstore.com\/wp-content\/uploads\/2021\/07\/priscilla-du-preez-9eo_waWQJGg-unsplash-1024x1536.jpg 1024w, https:\/\/moconceptstore.com\/wp-content\/uploads\/2021\/07\/priscilla-du-preez-9eo_waWQJGg-unsplash-1366x2048.jpg 1366w, https:\/\/moconceptstore.com\/wp-content\/uploads\/2021\/07\/priscilla-du-preez-9eo_waWQJGg-unsplash-600x900.jpg 600w, https:\/\/moconceptstore.com\/wp-content\/uploads\/2021\/07\/priscilla-du-preez-9eo_waWQJGg-unsplash-scaled.jpg 1707w\" sizes=\"(max-width: 200px) 100vw, 200px\" \/>\t\t\t\t\t\t\t\t<\/a><br \/>\n\t\t\t\t\t\t\t\t\t\t\t\t\t\t\t\t<a href=\"https:\/\/moconceptstore.com\/index.php\/categoria-producto\/vidaestilo\/\"><br \/>\n\t\t\t\t\t\t\t<img loading=\"lazy\" decoding=\"async\" width=\"200\" height=\"300\" src=\"https:\/\/moconceptstore.com\/wp-content\/uploads\/2021\/07\/deconovo-JlHYZil96lQ-unsplash-200x300.jpg\" alt=\"\" srcset=\"https:\/\/moconceptstore.com\/wp-content\/uploads\/2021\/07\/deconovo-JlHYZil96lQ-unsplash-200x300.jpg 200w, https:\/\/moconceptstore.com\/wp-content\/uploads\/2021\/07\/deconovo-JlHYZil96lQ-unsplash-683x1024.jpg 683w, https:\/\/moconceptstore.com\/wp-content\/uploads\/2021\/07\/deconovo-JlHYZil96lQ-unsplash-768x1152.jpg 768w, https:\/\/moconceptstore.com\/wp-content\/uploads\/2021\/07\/deconovo-JlHYZil96lQ-unsplash-1024x1536.jpg 1024w, https:\/\/moconceptstore.com\/wp-content\/uploads\/2021\/07\/deconovo-JlHYZil96lQ-unsplash-1365x2048.jpg 1365w, https:\/\/moconceptstore.com\/wp-content\/uploads\/2021\/07\/deconovo-JlHYZil96lQ-unsplash-600x900.jpg 600w, https:\/\/moconceptstore.com\/wp-content\/uploads\/2021\/07\/deconovo-JlHYZil96lQ-unsplash-scaled.jpg 1706w\" sizes=\"(max-width: 200px) 100vw, 200px\" \/>\t\t\t\t\t\t\t\t<\/a><br \/>\n\t\t\t\t\t\t\t\t\t\t\t\t\t\t\t\t<a href=\"https:\/\/moconceptstore.com\/index.php\/categoria-producto\/vidaestilo\/\"><br \/>\n\t\t\t\t\t\t\t<img loading=\"lazy\" decoding=\"async\" width=\"240\" height=\"300\" src=\"https:\/\/moconceptstore.com\/wp-content\/uploads\/2021\/07\/stil-D8evnRz36HY-unsplash-240x300.jpg\" alt=\"\" srcset=\"https:\/\/moconceptstore.com\/wp-content\/uploads\/2021\/07\/stil-D8evnRz36HY-unsplash-240x300.jpg 240w, https:\/\/moconceptstore.com\/wp-content\/uploads\/2021\/07\/stil-D8evnRz36HY-unsplash-819x1024.jpg 819w, https:\/\/moconceptstore.com\/wp-content\/uploads\/2021\/07\/stil-D8evnRz36HY-unsplash-768x961.jpg 768w, https:\/\/moconceptstore.com\/wp-content\/uploads\/2021\/07\/stil-D8evnRz36HY-unsplash-1228x1536.jpg 1228w, https:\/\/moconceptstore.com\/wp-content\/uploads\/2021\/07\/stil-D8evnRz36HY-unsplash-1637x2048.jpg 1637w, https:\/\/moconceptstore.com\/wp-content\/uploads\/2021\/07\/stil-D8evnRz36HY-unsplash-600x751.jpg 600w, https:\/\/moconceptstore.com\/wp-content\/uploads\/2021\/07\/stil-D8evnRz36HY-unsplash.jpg 1957w\" sizes=\"(max-width: 240px) 100vw, 240px\" \/>\t\t\t\t\t\t\t\t<\/a><\/p>\n<p style=\"text-align: center;\"><strong>\u00a0<\/strong><\/p>\n<p style=\"text-align: center;\"><strong>hogar-decoraci\u00f3n-gourmet<\/strong><\/p>\n<p style=\"text-align: center;\">Buscamos y seleccionamos piezas \u00fanicas, novedades, experiencias, art\u00edculos vintage, dise\u00f1os especiales, regalos&#8230;..<\/p>\n<h4>BONJOUR<\/h4>\n<p style=\"text-align: right;\">&#8220;Somos una boutique \u00fanica que adora el estilo aut\u00e9ntico y los art\u00edculos fuera de lo com\u00fan.\u00a0<\/p>\n<p style=\"text-align: right;\">Siempre en movimiento y sumamente innovadores, con precios muy competitivos&#8221;\u00a0<\/p>\n<p>\t\t\t\t\tBOUTIQUE\t\t\t\t<\/p>\n<h5 style=\"text-align: right;\">Venta en l\u00ednea,<\/h5>\n<h5 style=\"text-align: right;\">opci\u00f3n para recoger en Oficina<\/h5>\n<h5 style=\"text-align: right;\">en la CDMX CP 06500<\/h5>\n<p>\t\t\t\t\tContacto\t\t\t\t<\/p>\n<p style=\"text-align: right;\">Cel \/ Whats : 55 46 63 40 53<\/p>\n<p style=\"text-align: right;\">allo@moconceptstore.com<\/p>\n<p>\t\t\t\t\tOFICINA\t\t\t\t<\/p>\n<p style=\"text-align: right;\">\u00a0LUN-VIE 09:00 &#8211; 19:00<\/p>\n<p>\t\t\t\t\tFollow Us<br \/>\n\t\t\t\t\t<a href=\"http:\/\/@MoConceptStore%20\" target=\"_blank\"><br \/>\n\t\t\t\t\t\tFacebook-f<br \/>\n\t\t\t\t\t\t\t\t\t\t\t<\/a><br \/>\n\t\t\t\t\t<a href=\"https:\/\/www.instagram.com\/moconceptstore\/\" target=\"_blank\"><br \/>\n\t\t\t\t\t\tInstagram<br \/>\n\t\t\t\t\t\t\t\t\t\t\t<\/a><br \/>\n\t\t\t\t\t<a target=\"_blank\"><br \/>\n\t\t\t\t\t\tWhatsapp<br \/>\n\t\t\t\t\t\t\t\t\t\t\t<\/a><\/p>\n","protected":false},"excerpt":{"rendered":"<p>\u00a0MO\u00a0 CONCEPT-STORE Tu estilo de vida ! L\u00ednea Org\u00e1nica Baby Vida &amp; Estilo \u00a0 hogar-decoraci\u00f3n-gourmet Buscamos y seleccionamos piezas \u00fanicas, novedades, experiencias, art\u00edculos vintage, dise\u00f1os especiales, regalos&#8230;.. BONJOUR &#8220;Somos una boutique \u00fanica que adora el estilo aut\u00e9ntico y los art\u00edculos fuera de lo com\u00fan.\u00a0 Siempre en movimiento y sumamente innovadores, con precios muy competitivos&#8221;\u00a0 BOUTIQUE [&hellip;]<\/p>\n","protected":false},"author":1,"featured_media":0,"parent":0,"menu_order":0,"comment_status":"closed","ping_status":"closed","template":"","meta":{"site-sidebar-layout":"no-sidebar","site-content-layout":"page-builder","ast-site-content-layout":"full-width-container","site-content-style":"unboxed","site-sidebar-style":"unboxed","ast-global-header-display":"","ast-banner-title-visibility":"","ast-main-header-display":"","ast-hfb-above-header-display":"","ast-hfb-below-header-display":"","ast-hfb-mobile-header-display":"","site-post-title":"disabled","ast-breadcrumbs-content":"","ast-featured-img":"disabled","footer-sml-layout":"","theme-transparent-header-meta":"default","adv-header-id-meta":"","stick-header-meta":"","header-above-stick-meta":"","header-main-stick-meta":"","header-below-stick-meta":"","astra-migrate-meta-layouts":"set","ast-page-background-enabled":"default","ast-page-background-meta":{"desktop":{"background-color":"","background-image":"","background-repeat":"repeat","background-position":"center center","background-size":"auto","background-attachment":"scroll","background-type":"","background-media":"","overlay-type":"","overlay-color":"","overlay-opacity":"","overlay-gradient":""},"tablet":{"background-color":"","background-image":"","background-repeat":"repeat","background-position":"center center","background-size":"auto","background-attachment":"scroll","background-type":"","background-media":"","overlay-type":"","overlay-color":"","overlay-opacity":"","overlay-gradient":""},"mobile":{"background-color":"","background-image":"","background-repeat":"repeat","background-position":"center center","background-size":"auto","background-attachment":"scroll","background-type":"","background-media":"","overlay-type":"","overlay-color":"","overlay-opacity":"","overlay-gradient":""}},"ast-content-background-meta":{"desktop":{"background-color":"var(--ast-global-color-5)","background-image":"","background-repeat":"repeat","background-position":"center center","background-size":"auto","background-attachment":"scroll","background-type":"","background-media":"","overlay-type":"","overlay-color":"","overlay-opacity":"","overlay-gradient":""},"tablet":{"background-color":"var(--ast-global-color-5)","background-image":"","background-repeat":"repeat","background-position":"center center","background-size":"auto","background-attachment":"scroll","background-type":"","background-media":"","overlay-type":"","overlay-color":"","overlay-opacity":"","overlay-gradient":""},"mobile":{"background-color":"var(--ast-global-color-5)","background-image":"","background-repeat":"repeat","background-position":"center center","background-size":"auto","background-attachment":"scroll","background-type":"","background-media":"","overlay-type":"","overlay-color":"","overlay-opacity":"","overlay-gradient":""}},"footnotes":""},"class_list":["post-4092","page","type-page","status-publish","hentry"],"_links":{"self":[{"href":"https:\/\/moconceptstore.com\/index.php\/wp-json\/wp\/v2\/pages\/4092","targetHints":{"allow":["GET"]}}],"collection":[{"href":"https:\/\/moconceptstore.com\/index.php\/wp-json\/wp\/v2\/pages"}],"about":[{"href":"https:\/\/moconceptstore.com\/index.php\/wp-json\/wp\/v2\/types\/page"}],"author":[{"embeddable":true,"href":"https:\/\/moconceptstore.com\/index.php\/wp-json\/wp\/v2\/users\/1"}],"replies":[{"embeddable":true,"href":"https:\/\/moconceptstore.com\/index.php\/wp-json\/wp\/v2\/comments?post=4092"}],"version-history":[{"count":862,"href":"https:\/\/moconceptstore.com\/index.php\/wp-json\/wp\/v2\/pages\/4092\/revisions"}],"predecessor-version":[{"id":6032,"href":"https:\/\/moconceptstore.com\/index.php\/wp-json\/wp\/v2\/pages\/4092\/revisions\/6032"}],"wp:attachment":[{"href":"https:\/\/moconceptstore.com\/index.php\/wp-json\/wp\/v2\/media?parent=4092"}],"curies":[{"name":"wp","href":"https:\/\/api.w.org\/{rel}","templated":true}]}}